{"id":365,"date":"2016-05-18T19:26:24","date_gmt":"2016-05-18T19:26:24","guid":{"rendered":"http:\/\/thinksnow.com.ar\/pt-br\/tarifas\/"},"modified":"2017-11-24T15:16:45","modified_gmt":"2017-11-24T15:16:45","slug":"tarifas","status":"publish","type":"page","link":"http:\/\/thinksnow.com.ar\/pt-br\/tarifas\/","title":{"rendered":"Tarifas"},"content":{"rendered":"<p>[vc_row animation=&#8221;fadeIn&#8221;][vc_column width=&#8221;2\/3&#8243;][vc_empty_space][vc_column_text css_animation=&#8221;fadeIn&#8221;]<\/p>\n<h3>TARIFAS<\/h3>\n<p>&nbsp;<\/p>\n<table cellspacing=\"0\" cellpadding=\"0\">\n<tbody>\n<tr>\n<td style=\"text-align: center;\" width=\"124\" height=\"20\"><strong>BAIXA<\/strong><\/td>\n<td style=\"text-align: center;\" width=\"124\"><strong>ALTA<\/strong><\/td>\n<td style=\"text-align: center;\" width=\"124\"><strong>MEDIA<\/strong><\/td>\n<td style=\"text-align: center;\" width=\"124\"><strong>BAIXA<\/strong><\/td>\n<\/tr>\n<tr>\n<td style=\"text-align: center;\" height=\"20\">INICIO &#8211; 08\/07<\/td>\n<td style=\"text-align: center;\">09\/07 &#8211; 29\/07<\/td>\n<td style=\"text-align: center;\">30\/07 &#8211; 02\/09<\/td>\n<td style=\"text-align: center;\">\u00a003\/09 &#8211; 30\/09<\/td>\n<\/tr>\n<\/tbody>\n<\/table>\n<p>&nbsp;<\/p>\n<table cellspacing=\"0\" cellpadding=\"0\">\n<tbody>\n<tr>\n<td style=\"text-align: center;\" width=\"124\" height=\"20\"><em>\u00a0<strong>AULAS PARTICULARES<\/strong><\/em><\/td>\n<td style=\"text-align: center;\" width=\"124\"><strong>BAIXA<\/strong><\/td>\n<td style=\"text-align: center;\" width=\"124\"><strong>MEDIA<\/strong><\/td>\n<td style=\"text-align: center;\" width=\"124\"><strong>ALTA<\/strong><\/td>\n<\/tr>\n<tr>\n<td style=\"text-align: center;\" height=\"20\"><strong>2 HORAS<\/strong><\/td>\n<td style=\"text-align: center;\">&#8211;<\/td>\n<td style=\"text-align: center;\">&#8211;<\/td>\n<td style=\"text-align: center;\">&#8211;<\/td>\n<\/tr>\n<tr>\n<td style=\"text-align: center;\" height=\"20\"><strong>3 HORAS<\/strong><\/td>\n<td style=\"text-align: center;\">&#8211;<\/td>\n<td style=\"text-align: center;\">&#8211;<\/td>\n<td style=\"text-align: center;\">&#8211;<\/td>\n<\/tr>\n<tr>\n<td style=\"text-align: center;\" height=\"20\"><strong>6 HORAS<\/strong><\/td>\n<td style=\"text-align: center;\">&#8211;<\/td>\n<td style=\"text-align: center;\">&#8211;<\/td>\n<td style=\"text-align: center;\">&#8211;<\/td>\n<\/tr>\n<\/tbody>\n<\/table>\n<p>&#8211; M\u00e1ximo 4 pessoas. Baby Ski m\u00e1ximo 2.<\/p>\n<p>&#8211; As tarifas est\u00e3o em pesos argentinos, pagamento em dinheiro, sujeitas a modifica\u00e7\u00f5es sem aviso pr\u00e9vio.<\/p>\n<p>&#8211; As tarifas n\u00e3o incluem o cart\u00e3o de eleva\u00e7\u00e3o como tamb\u00e9m o equipamento.<\/p>\n<p>&nbsp;<\/p>\n<table cellspacing=\"0\" cellpadding=\"0\">\n<tbody>\n<tr>\n<td style=\"text-align: center;\" width=\"124\" height=\"20\"><em><strong>\u00a0AULAS GRUPALES<\/strong><\/em><\/td>\n<td style=\"text-align: center;\" width=\"124\"><strong>BAIXA<\/strong><\/td>\n<td style=\"text-align: center;\" width=\"124\"><strong>MEDIA<\/strong><\/td>\n<td style=\"text-align: center;\" width=\"124\"><strong>ALTA<\/strong><\/td>\n<\/tr>\n<tr>\n<td style=\"text-align: center;\" height=\"20\"><strong>2 HORAS<\/strong><\/td>\n<td style=\"text-align: center;\">&#8211;<\/td>\n<td style=\"text-align: center;\">&#8211;<\/td>\n<td style=\"text-align: center;\">&#8211;<\/td>\n<\/tr>\n<\/tbody>\n<\/table>\n<p>&#8211; Pre\u00e7o por pessoa. M\u00ednimo 4 pessoas, m\u00e1ximo 6.<\/p>\n<p>&#8211; As tarifas est\u00e3o em pesos argentinos, pagamento em dinheiro, sujeitas a modifica\u00e7\u00f5es sem aviso pr\u00e9vio.<\/p>\n<p>&#8211; O produto ser\u00e1 adaptado de acordo com a demanda.<\/p>\n<p>&#8211; As tarifas n\u00e3o incluem o cart\u00e3o de eleva\u00e7\u00e3o como tamb\u00e9m o equipamento.<\/p>\n<p>&nbsp;<\/p>\n<table cellspacing=\"0\" cellpadding=\"0\">\n<tbody>\n<tr>\n<td style=\"text-align: center;\" width=\"124\" height=\"20\"><strong>\u00a0<em>FAMILY SKI<\/em><\/strong><\/td>\n<td style=\"text-align: center;\" width=\"124\"><strong>BAIXA<\/strong><\/td>\n<td style=\"text-align: center;\" width=\"124\"><strong>MEDIA<\/strong><\/td>\n<td style=\"text-align: center;\" width=\"124\"><strong>ALTA<\/strong><\/td>\n<\/tr>\n<tr>\n<td style=\"text-align: center;\" height=\"20\"><strong>3 HORAS<\/strong><\/td>\n<td style=\"text-align: center;\">&#8211;<\/td>\n<td style=\"text-align: center;\">&#8211;<\/td>\n<td style=\"text-align: center;\">&#8211;<\/td>\n<\/tr>\n<tr>\n<td style=\"text-align: center;\" height=\"20\"><strong>6 HORAS<\/strong><\/td>\n<td style=\"text-align: center;\">&#8211;<\/td>\n<td style=\"text-align: center;\">&#8211;<\/td>\n<td style=\"text-align: center;\">&#8211;<\/td>\n<\/tr>\n<\/tbody>\n<\/table>\n<p>&#8211; As tarifas s\u00e3o at\u00e9 5 pessoas.<\/p>\n<p>&#8211; As tarifas est\u00e3o em pesos argentinos, pagamento em dinheiro, sujeitas a modifica\u00e7\u00f5es sem aviso pr\u00e9vio.<\/p>\n<p>&#8211; As tarifas n\u00e3o incluem o cart\u00e3o de eleva\u00e7\u00e3o como tamb\u00e9m o equipamento.<\/p>\n<p>&nbsp;<\/p>\n<table cellspacing=\"0\" cellpadding=\"0\">\n<tbody>\n<tr>\n<td style=\"text-align: center;\" width=\"124\" height=\"20\">\u00a0<em><strong>MASTER CLASS<\/strong><\/em><\/td>\n<td style=\"text-align: center;\" width=\"124\"><strong>BAIXA<\/strong><\/td>\n<td style=\"text-align: center;\" width=\"124\"><strong>MEDIA<\/strong><\/td>\n<td style=\"text-align: center;\" width=\"124\"><strong>ALTA<\/strong><\/td>\n<\/tr>\n<tr>\n<td style=\"text-align: center;\" height=\"20\"><strong>3 HORAS<\/strong><\/td>\n<td style=\"text-align: center;\">&#8211;<\/td>\n<td style=\"text-align: center;\">&#8211;<\/td>\n<td style=\"text-align: center;\">&#8211;<\/td>\n<\/tr>\n<tr>\n<td style=\"text-align: center;\" height=\"20\"><strong>6 HORAS<\/strong><\/td>\n<td style=\"text-align: center;\">&#8211;<\/td>\n<td style=\"text-align: center;\">&#8211;<\/td>\n<td style=\"text-align: center;\">&#8211;<\/td>\n<\/tr>\n<\/tbody>\n<\/table>\n<p>&#8211; Pessoas adicionais Ar$ &#8211; por pessoa, por hora.<\/p>\n<p>&#8211; As tarifas est\u00e3o em pesos argentinos, pagamento em dinheiro, sujeitas a modifica\u00e7\u00f5es sem aviso pr\u00e9vio.<\/p>\n<p>&#8211; As tarifas n\u00e3o incluem o cart\u00e3o de eleva\u00e7\u00e3o como tamb\u00e9m o equipamento.[\/vc_column_text][vc_empty_space height=&#8221;42px&#8221;][\/vc_column][vc_column width=&#8221;1\/3&#8243; animation=&#8221;fadeIn&#8221;][vc_empty_space height=&#8221;42px&#8221;][vc_column_text css_animation=&#8221;fadeIn&#8221;]<\/p>\n<h3 class=\"normal\" style=\"text-align: center;\"><a href=\"http:\/\/thinksnow.com.ar\/wp-content\/uploads\/2016\/05\/1-ski-think-snow-Guarantee-garantia-ski-aulas-de-sky-clases-de-esqui.png\"><img loading=\"lazy\" decoding=\"async\" class=\"alignnone size-full wp-image-893\" src=\"http:\/\/thinksnow.com.ar\/wp-content\/uploads\/2016\/05\/1-ski-think-snow-Guarantee-garantia-ski-aulas-de-sky-clases-de-esqui.png\" alt=\"1-ski-think-snow-guarantee-garantia-ski-aulas-de-sky-clases-de-esqui\" width=\"234\" height=\"204\" \/><\/a><\/h3>\n<h3 class=\"normal\" style=\"text-align: center;\">GARANTIA<\/h3>\n<p style=\"text-align: center;\">Estas s\u00e3o as garantias que voc\u00ea vai adquirir se voc\u00ea est\u00e1 come\u00e7ando neste esporte com Think Snow :<\/p>\n<p style=\"text-align: center;\">Se depois das 9 horas de aula a gente n\u00e3o pode que voc\u00ea des\u00e7a pela alguma pista verde, voc\u00ea vai receber 3 horas adicionais de aula sem nenhum custo adicional.<\/p>\n<h5 class=\"normal\" style=\"text-align: center;\">\u00a0<a href=\"http:\/\/thinksnow.com.ar\/wp-content\/uploads\/2016\/05\/WhatsApp-Image-2016-11-27-at-21.11.30.jpeg\"><img loading=\"lazy\" decoding=\"async\" class=\"alignnone size-medium wp-image-902\" src=\"http:\/\/thinksnow.com.ar\/wp-content\/uploads\/2016\/05\/WhatsApp-Image-2016-11-27-at-21.11.30-300x180.jpeg\" alt=\"1-ski-think-snow-guarantee-garantia-ski-aulas-de-sky-clases-de-esqui cheap barato\" width=\"300\" height=\"180\" srcset=\"http:\/\/thinksnow.com.ar\/wp-content\/uploads\/2016\/05\/WhatsApp-Image-2016-11-27-at-21.11.30-300x180.jpeg 300w, http:\/\/thinksnow.com.ar\/wp-content\/uploads\/2016\/05\/WhatsApp-Image-2016-11-27-at-21.11.30.jpeg 750w\" sizes=\"auto, (max-width: 300px) 100vw, 300px\" \/><\/a><\/h5>\n<h3 class=\"normal\" style=\"text-align: center;\">GIFT CARD<\/h3>\n<p style=\"text-align: center;\">Obt\u00e9m um cart\u00e3o de desconto comprando mais de 18 horas de aulas.<\/p>\n<p>[\/vc_column_text][vc_empty_space height=&#8221;42px&#8221;][\/vc_column][\/vc_row][vc_row][vc_column][vc_empty_space height=&#8221;22px&#8221;][vc_column_text css_animation=&#8221;fadeIn&#8221;]<\/p>\n<h3><\/h3>\n<h3>Politica de Reserva e Cancelamento<\/h3>\n<p><i class=\"fa fa-asterisk\"><\/i> As reservas podem ser feitas via e-mail ou pelo telefone, pagando 15% do valor final da aula atrav\u00e9s de transfer\u00eancia banc\u00e1ria. O pagamento restante ser\u00e1 feito o primeiro dia da aula \u00e1 vista.<br \/>\n<i class=\"fa fa-asterisk\"><\/i> As aulas s\u00f3 podem ser canceladas com n\u00e3o menos de 72 horas antes do per\u00edodo de ditado. Ultrapassado esse prazo n\u00e3o pode ser cancelada e ser\u00e1 cobrado o valor da reserva<br \/>\n<i class=\"fa fa-asterisk\"><\/i> Pelos fatores climatol\u00f3gicos, as aulas podem ser canceladas e reorganizadas, sempre quando a montanha n\u00e3o este em condi\u00e7\u00f5es adequadas para o perfeito desenvolvimento.<br \/>\n<i class=\"fa fa-asterisk\"><\/i> As Aulas v\u00e3o come\u00e7ar e finalizar no hor\u00e1rio acordado. Se o aluno \u00e9 apresentado mais tarde, a aula ser\u00e1 realizada de acordo com o hor\u00e1rio inicialmente acordado.<br \/>\n<i class=\"fa fa-asterisk\"><\/i> As tarifas est\u00e3o sujeitas a altera\u00e7\u00f5es sem aviso pr\u00e9vio.[\/vc_column_text][vc_empty_space height=&#8221;222px&#8221;][\/vc_column][\/vc_row]<\/p>\n","protected":false},"excerpt":{"rendered":"<p>[vc_row animation=&#8221;fadeIn&#8221;][vc_column width=&#8221;2\/3&#8243;][vc_empty_space][vc_column_text css_animation=&#8221;fadeIn&#8221;] TARIFAS &nbsp; BAIXA ALTA MEDIA BAIXA INICIO &#8211; 08\/07 09\/07 &#8211; 29\/07 30\/07 &#8211; 02\/09 \u00a003\/09 &#8211; 30\/09 &nbsp; \u00a0AULAS PARTICULARES BAIXA MEDIA ALTA 2 HORAS &#8211; &#8211; &#8211; 3 HORAS &#8211; &#8211; &#8211; 6 HORAS &#8211; &#8211; &#8211; &#8211; M\u00e1ximo 4 pessoas. Baby Ski m\u00e1ximo 2. &#8211; As tarifas est\u00e3o&hellip;<\/p>\n","protected":false},"author":2,"featured_media":0,"parent":0,"menu_order":0,"comment_status":"closed","ping_status":"closed","template":"","meta":{"footnotes":""},"class_list":["post-365","page","type-page","status-publish","hentry","description-off"],"_links":{"self":[{"href":"http:\/\/thinksnow.com.ar\/pt-br\/wp-json\/wp\/v2\/pages\/365","targetHints":{"allow":["GET"]}}],"collection":[{"href":"http:\/\/thinksnow.com.ar\/pt-br\/wp-json\/wp\/v2\/pages"}],"about":[{"href":"http:\/\/thinksnow.com.ar\/pt-br\/wp-json\/wp\/v2\/types\/page"}],"author":[{"embeddable":true,"href":"http:\/\/thinksnow.com.ar\/pt-br\/wp-json\/wp\/v2\/users\/2"}],"replies":[{"embeddable":true,"href":"http:\/\/thinksnow.com.ar\/pt-br\/wp-json\/wp\/v2\/comments?post=365"}],"version-history":[{"count":52,"href":"http:\/\/thinksnow.com.ar\/pt-br\/wp-json\/wp\/v2\/pages\/365\/revisions"}],"predecessor-version":[{"id":977,"href":"http:\/\/thinksnow.com.ar\/pt-br\/wp-json\/wp\/v2\/pages\/365\/revisions\/977"}],"wp:attachment":[{"href":"http:\/\/thinksnow.com.ar\/pt-br\/wp-json\/wp\/v2\/media?parent=365"}],"curies":[{"name":"wp","href":"https:\/\/api.w.org\/{rel}","templated":true}]}}